{"id":1670,"date":"2020-04-16T12:49:17","date_gmt":"2020-04-16T17:49:17","guid":{"rendered":"http:\/\/www.halvet.com\/wp\/producto\/damax\/"},"modified":"2023-07-07T10:09:01","modified_gmt":"2023-07-07T16:09:01","slug":"damax","status":"publish","type":"product","link":"https:\/\/www.halvet.com\/catalogo\/https:\/www.halvet.com\/catalogo\/wp-content\/uploads\/2024\/03\/TC-001-LP-2024-DESCARGA.pdf\/damax\/","title":{"rendered":"Damax Inyectable"},"content":{"rendered":"<p>DAMAX INYECTABLE<br \/>\nANTIMICROBIANO<br \/>\nRegistro No.: Q-6642-061<br \/>\nF\u00d3RMULA:<br \/>\nCada ml contiene:<br \/>\nClindamicina Base<br \/>\n(Como fosfato de Clindamicina) \u2026\u2026\u2026\u2026..\u2026\u2026100 mg<br \/>\nExcipiente c.b.p. \u2026\u2026\u2026\u2026\u2026\u2026&#8230;&#8230;&#8230;&#8230;&#8230;..\u2026\u2026\u2026.\u2026\u2026\u2026.\u2026\u20261 ml<br \/>\nV\u00cdA DE ADMINISTRACI\u00d3N: INTRAMUSCULAR PROFUNDA<br \/>\nPRESENTACI\u00d3N: 10 ml, 25 ml, 100 ml<\/p>\n","protected":false},"excerpt":{"rendered":"<p>DAMAX INYECTABLE ANTIMICROBIANO Registro No.: Q-6642-061 F\u00d3RMULA: Cada ml contiene: Clindamicina Base (Como fosfato de Clindamicina) \u2026\u2026\u2026\u2026..\u2026\u2026100 mg Excipiente c.b.p. \u2026\u2026\u2026\u2026\u2026\u2026&#8230;&#8230;&#8230;&#8230;&#8230;..\u2026\u2026\u2026.\u2026\u2026\u2026.\u2026\u20261 ml V\u00cdA DE ADMINISTRACI\u00d3N: INTRAMUSCULAR PROFUNDA PRESENTACI\u00d3N: 10 ml, 25 ml, 100 ml<\/p>\n","protected":false},"featured_media":1689,"comment_status":"closed","ping_status":"closed","template":"","meta":[],"product_cat":[64,62],"product_tag":[139],"_links":{"self":[{"href":"https:\/\/www.halvet.com\/catalogo\/wp-json\/wp\/v2\/product\/1670"}],"collection":[{"href":"https:\/\/www.halvet.com\/catalogo\/wp-json\/wp\/v2\/product"}],"about":[{"href":"https:\/\/www.halvet.com\/catalogo\/wp-json\/wp\/v2\/types\/product"}],"replies":[{"embeddable":true,"href":"https:\/\/www.halvet.com\/catalogo\/wp-json\/wp\/v2\/comments?post=1670"}],"wp:featuredmedia":[{"embeddable":true,"href":"https:\/\/www.halvet.com\/catalogo\/wp-json\/wp\/v2\/media\/1689"}],"wp:attachment":[{"href":"https:\/\/www.halvet.com\/catalogo\/wp-json\/wp\/v2\/media?parent=1670"}],"wp:term":[{"taxonomy":"product_cat","embeddable":true,"href":"https:\/\/www.halvet.com\/catalogo\/wp-json\/wp\/v2\/product_cat?post=1670"},{"taxonomy":"product_tag","embeddable":true,"href":"https:\/\/www.halvet.com\/catalogo\/wp-json\/wp\/v2\/product_tag?post=1670"}],"curies":[{"name":"wp","href":"https:\/\/api.w.org\/{rel}","templated":true}]}}