{"id":1673,"date":"2020-04-16T12:49:17","date_gmt":"2020-04-16T17:49:17","guid":{"rendered":"http:\/\/www.halvet.com\/wp\/producto\/enrol-con-dipirona\/"},"modified":"2023-07-07T10:14:11","modified_gmt":"2023-07-07T16:14:11","slug":"enrol-con-dipirona","status":"publish","type":"product","link":"https:\/\/www.halvet.com\/catalogo\/https:\/www.halvet.com\/catalogo\/wp-content\/uploads\/2024\/03\/TC-001-LP-2024-DESCARGA.pdf\/enrol-con-dipirona\/","title":{"rendered":"Enrol Tabletas con Dipirona"},"content":{"rendered":"<p>ENROL TABLETAS<br \/>\nRegistro No.: Q-6642-013<br \/>\nANTIMICROBIANO<br \/>\nCada tableta contiene:<br \/>\nEnrofloxacina\u2026\u2026\u2026\u2026\u2026\u2026\u2026\u2026\u2026\u2026\u2026\u2026\u2026&#8230;&#8230;&#8230;&#8230;&#8230; 50 mg<br \/>\nDipirona S\u00f3dica\u2026\u2026\u2026\u2026\u2026\u2026\u2026\u2026\u2026\u2026\u2026.\u2026\u2026\u2026\u2026\u2026 150 mg<br \/>\nExcipiente c.b.p.\u2026..\u2026..\u2026\u2026\u2026\u2026\u2026&#8230;.\u2026\u2026\u2026\u2026\u2026\u20261 tableta<br \/>\nV\u00cdA DE ADMINISTRACI\u00d3N: ORAL.<br \/>\nPRESENTACI\u00d3N: 30 tabletas<\/p>\n","protected":false},"excerpt":{"rendered":"<p>ENROL TABLETAS Registro No.: Q-6642-013 ANTIMICROBIANO Cada tableta contiene: Enrofloxacina\u2026\u2026\u2026\u2026\u2026\u2026\u2026\u2026\u2026\u2026\u2026\u2026\u2026&#8230;&#8230;&#8230;&#8230;&#8230; 50 mg Dipirona S\u00f3dica\u2026\u2026\u2026\u2026\u2026\u2026\u2026\u2026\u2026\u2026\u2026.\u2026\u2026\u2026\u2026\u2026 150 mg Excipiente c.b.p.\u2026..\u2026..\u2026\u2026\u2026\u2026\u2026&#8230;.\u2026\u2026\u2026\u2026\u2026\u20261 tableta V\u00cdA DE ADMINISTRACI\u00d3N: ORAL. PRESENTACI\u00d3N: 30 tabletas<\/p>\n","protected":false},"featured_media":1759,"comment_status":"closed","ping_status":"closed","template":"","meta":[],"product_cat":[64,62],"product_tag":[],"_links":{"self":[{"href":"https:\/\/www.halvet.com\/catalogo\/wp-json\/wp\/v2\/product\/1673"}],"collection":[{"href":"https:\/\/www.halvet.com\/catalogo\/wp-json\/wp\/v2\/product"}],"about":[{"href":"https:\/\/www.halvet.com\/catalogo\/wp-json\/wp\/v2\/types\/product"}],"replies":[{"embeddable":true,"href":"https:\/\/www.halvet.com\/catalogo\/wp-json\/wp\/v2\/comments?post=1673"}],"wp:featuredmedia":[{"embeddable":true,"href":"https:\/\/www.halvet.com\/catalogo\/wp-json\/wp\/v2\/media\/1759"}],"wp:attachment":[{"href":"https:\/\/www.halvet.com\/catalogo\/wp-json\/wp\/v2\/media?parent=1673"}],"wp:term":[{"taxonomy":"product_cat","embeddable":true,"href":"https:\/\/www.halvet.com\/catalogo\/wp-json\/wp\/v2\/product_cat?post=1673"},{"taxonomy":"product_tag","embeddable":true,"href":"https:\/\/www.halvet.com\/catalogo\/wp-json\/wp\/v2\/product_tag?post=1673"}],"curies":[{"name":"wp","href":"https:\/\/api.w.org\/{rel}","templated":true}]}}