{"id":1680,"date":"2020-04-16T12:49:17","date_gmt":"2020-04-16T17:49:17","guid":{"rendered":"http:\/\/www.halvet.com\/wp\/producto\/metronid\/"},"modified":"2023-07-07T09:33:45","modified_gmt":"2023-07-07T15:33:45","slug":"metronid","status":"publish","type":"product","link":"https:\/\/www.halvet.com\/catalogo\/https:\/www.halvet.com\/catalogo\/wp-content\/uploads\/2024\/03\/TC-001-LP-2024-DESCARGA.pdf\/metronid\/","title":{"rendered":"Metronid"},"content":{"rendered":"<p>METRONID<br \/>\nTABLETAS<br \/>\nANTIMICROBIANO<br \/>\nReg No.: Q-6642-050<br \/>\nF\u00d3RMULA:<br \/>\nCada tableta contiene:<br \/>\nMetronidazol base.\u2026\u2026\u2026..\u2026.\u2026\u2026\u2026\u2026\u2026\u2026\u2026 250 mg<br \/>\nExcipiente c.b.p .\u2026\u2026\u2026\u2026\u2026\u2026.\u2026\u2026.\u2026..\u2026\u2026&#8230;1 Tableta<br \/>\nV\u00cdA DE ADMINISTRACI\u00d3N: ORAL.<br \/>\nPRESENTACI\u00d3N: 30 tabletas<\/p>\n","protected":false},"excerpt":{"rendered":"<p>METRONID TABLETAS ANTIMICROBIANO Reg No.: Q-6642-050 F\u00d3RMULA: Cada tableta contiene: Metronidazol base.\u2026\u2026\u2026..\u2026.\u2026\u2026\u2026\u2026\u2026\u2026\u2026 250 mg Excipiente c.b.p .\u2026\u2026\u2026\u2026\u2026\u2026.\u2026\u2026.\u2026..\u2026\u2026&#8230;1 Tableta V\u00cdA DE ADMINISTRACI\u00d3N: ORAL. PRESENTACI\u00d3N: 30 tabletas<\/p>\n","protected":false},"featured_media":1733,"comment_status":"closed","ping_status":"closed","template":"","meta":[],"product_cat":[64,62],"product_tag":[],"_links":{"self":[{"href":"https:\/\/www.halvet.com\/catalogo\/wp-json\/wp\/v2\/product\/1680"}],"collection":[{"href":"https:\/\/www.halvet.com\/catalogo\/wp-json\/wp\/v2\/product"}],"about":[{"href":"https:\/\/www.halvet.com\/catalogo\/wp-json\/wp\/v2\/types\/product"}],"replies":[{"embeddable":true,"href":"https:\/\/www.halvet.com\/catalogo\/wp-json\/wp\/v2\/comments?post=1680"}],"wp:featuredmedia":[{"embeddable":true,"href":"https:\/\/www.halvet.com\/catalogo\/wp-json\/wp\/v2\/media\/1733"}],"wp:attachment":[{"href":"https:\/\/www.halvet.com\/catalogo\/wp-json\/wp\/v2\/media?parent=1680"}],"wp:term":[{"taxonomy":"product_cat","embeddable":true,"href":"https:\/\/www.halvet.com\/catalogo\/wp-json\/wp\/v2\/product_cat?post=1680"},{"taxonomy":"product_tag","embeddable":true,"href":"https:\/\/www.halvet.com\/catalogo\/wp-json\/wp\/v2\/product_tag?post=1680"}],"curies":[{"name":"wp","href":"https:\/\/api.w.org\/{rel}","templated":true}]}}