{"id":1684,"date":"2020-04-16T12:49:17","date_gmt":"2020-04-16T17:49:17","guid":{"rendered":"http:\/\/www.halvet.com\/wp\/producto\/tomo\/"},"modified":"2023-07-07T09:53:43","modified_gmt":"2023-07-07T15:53:43","slug":"tomo","status":"publish","type":"product","link":"https:\/\/www.halvet.com\/catalogo\/https:\/www.halvet.com\/catalogo\/wp-content\/uploads\/2024\/03\/TC-001-LP-2024-DESCARGA.pdf\/tomo\/","title":{"rendered":"Tomo"},"content":{"rendered":"<p>TOMO<br \/>\nRegistro No.: Q-6642-092<br \/>\nF\u00d3RMULA:<br \/>\nCada 1,000 ml contienen:<br \/>\nGentamicina base \u2026\u2026\u2026\u2026\u2026\u2026\u2026\u2026\u2026.. 2.20 g<br \/>\n\u00c1cido nalid\u00edxico \u2026\u2026\u2026\u2026\u2026\u2026\u2026\u2026\u2026\u2026\u2026\u2026 1.0 g<br \/>\nTrimetoprim \u2026\u2026\u2026\u2026\u2026\u2026\u2026\u2026\u2026\u2026\u2026\u2026\u2026. 1.20 g<br \/>\nSulfato de cobalto \u2026\u2026\u2026\u2026\u2026\u2026\u2026\u2026\u2026\u2026\u20260.25 g<br \/>\nOxido de cobre \u2026\u2026\u2026\u2026\u2026\u2026\u2026\u2026\u2026\u2026\u2026\u2026.0.50 g<br \/>\nCarb\u00f3n vegetal \u2026\u2026\u2026\u2026\u2026\u2026\u2026\u2026\u2026\u2026\u2026\u2026. 10.0 g<br \/>\nVeh\u00edculo c.b.p. \u2026\u2026\u2026\u2026\u2026\u2026\u2026\u2026\u2026\u2026\u2026.1,000 ml<br \/>\nV\u00cdA DE ADMINISTRACI\u00d3N: ORAL.<br \/>\nPRESENTACI\u00d3N: 60 ml, 100 ml, 250 ml, 1 lt y 4 lt<\/p>\n","protected":false},"excerpt":{"rendered":"<p>TOMO Registro No.: Q-6642-092 F\u00d3RMULA: Cada 1,000 ml contienen: Gentamicina base \u2026\u2026\u2026\u2026\u2026\u2026\u2026\u2026\u2026.. 2.20 g \u00c1cido nalid\u00edxico \u2026\u2026\u2026\u2026\u2026\u2026\u2026\u2026\u2026\u2026\u2026\u2026 1.0 g Trimetoprim \u2026\u2026\u2026\u2026\u2026\u2026\u2026\u2026\u2026\u2026\u2026\u2026\u2026. 1.20 g Sulfato de cobalto \u2026\u2026\u2026\u2026\u2026\u2026\u2026\u2026\u2026\u2026\u20260.25 g Oxido de cobre \u2026\u2026\u2026\u2026\u2026\u2026\u2026\u2026\u2026\u2026\u2026\u2026.0.50 g Carb\u00f3n vegetal \u2026\u2026\u2026\u2026\u2026\u2026\u2026\u2026\u2026\u2026\u2026\u2026. 10.0 g Veh\u00edculo c.b.p. \u2026\u2026\u2026\u2026\u2026\u2026\u2026\u2026\u2026\u2026\u2026.1,000 ml V\u00cdA DE ADMINISTRACI\u00d3N: ORAL. PRESENTACI\u00d3N: 60 ml, 100 ml, 250 ml, 1 lt [&hellip;]<\/p>\n","protected":false},"featured_media":2137,"comment_status":"closed","ping_status":"closed","template":"","meta":[],"product_cat":[64,117,62,63],"product_tag":[],"_links":{"self":[{"href":"https:\/\/www.halvet.com\/catalogo\/wp-json\/wp\/v2\/product\/1684"}],"collection":[{"href":"https:\/\/www.halvet.com\/catalogo\/wp-json\/wp\/v2\/product"}],"about":[{"href":"https:\/\/www.halvet.com\/catalogo\/wp-json\/wp\/v2\/types\/product"}],"replies":[{"embeddable":true,"href":"https:\/\/www.halvet.com\/catalogo\/wp-json\/wp\/v2\/comments?post=1684"}],"wp:featuredmedia":[{"embeddable":true,"href":"https:\/\/www.halvet.com\/catalogo\/wp-json\/wp\/v2\/media\/2137"}],"wp:attachment":[{"href":"https:\/\/www.halvet.com\/catalogo\/wp-json\/wp\/v2\/media?parent=1684"}],"wp:term":[{"taxonomy":"product_cat","embeddable":true,"href":"https:\/\/www.halvet.com\/catalogo\/wp-json\/wp\/v2\/product_cat?post=1684"},{"taxonomy":"product_tag","embeddable":true,"href":"https:\/\/www.halvet.com\/catalogo\/wp-json\/wp\/v2\/product_tag?post=1684"}],"curies":[{"name":"wp","href":"https:\/\/api.w.org\/{rel}","templated":true}]}}