{"id":1789,"date":"2020-04-16T17:35:35","date_gmt":"2020-04-16T22:35:35","guid":{"rendered":"http:\/\/www.halvet.com\/wp\/producto\/bravo-spray\/"},"modified":"2023-07-07T12:11:31","modified_gmt":"2023-07-07T18:11:31","slug":"bravo-spray","status":"publish","type":"product","link":"https:\/\/www.halvet.com\/catalogo\/https:\/www.halvet.com\/catalogo\/wp-content\/uploads\/2024\/03\/TC-001-LP-2024-DESCARGA.pdf\/bravo-spray\/","title":{"rendered":"Bravo Spray"},"content":{"rendered":"<p>BRAVO SPRAY<br \/>\nRSCO-INAC-0156-0302-098-2.70<br \/>\nF\u00d3RMULA:<br \/>\nCada 100 ml contiene:<br \/>\nPermetrina \u2026\u2026\u2026\u2026\u2026\u2026\u2026\u2026\u2026&#8230;.\u2026\u2026&#8230; 2.7 g<br \/>\nExcipiente c.b.p. \u2026\u2026\u2026\u2026\u2026\u2026\u2026&#8230;.100 ml<br \/>\nV\u00cdA DE ADMINISTRACI\u00d3N: T\u00d3PICA.<br \/>\nPRESENTACI\u00d3N: 200 ml, 4 lt<\/p>\n","protected":false},"excerpt":{"rendered":"<p>BRAVO SPRAY RSCO-INAC-0156-0302-098-2.70 F\u00d3RMULA: Cada 100 ml contiene: Permetrina \u2026\u2026\u2026\u2026\u2026\u2026\u2026\u2026\u2026&#8230;.\u2026\u2026&#8230; 2.7 g Excipiente c.b.p. \u2026\u2026\u2026\u2026\u2026\u2026\u2026&#8230;.100 ml V\u00cdA DE ADMINISTRACI\u00d3N: T\u00d3PICA. PRESENTACI\u00d3N: 200 ml, 4 lt<\/p>\n","protected":false},"featured_media":1799,"comment_status":"closed","ping_status":"closed","template":"","meta":[],"product_cat":[66,120,62,63],"product_tag":[94,45],"_links":{"self":[{"href":"https:\/\/www.halvet.com\/catalogo\/wp-json\/wp\/v2\/product\/1789"}],"collection":[{"href":"https:\/\/www.halvet.com\/catalogo\/wp-json\/wp\/v2\/product"}],"about":[{"href":"https:\/\/www.halvet.com\/catalogo\/wp-json\/wp\/v2\/types\/product"}],"replies":[{"embeddable":true,"href":"https:\/\/www.halvet.com\/catalogo\/wp-json\/wp\/v2\/comments?post=1789"}],"wp:featuredmedia":[{"embeddable":true,"href":"https:\/\/www.halvet.com\/catalogo\/wp-json\/wp\/v2\/media\/1799"}],"wp:attachment":[{"href":"https:\/\/www.halvet.com\/catalogo\/wp-json\/wp\/v2\/media?parent=1789"}],"wp:term":[{"taxonomy":"product_cat","embeddable":true,"href":"https:\/\/www.halvet.com\/catalogo\/wp-json\/wp\/v2\/product_cat?post=1789"},{"taxonomy":"product_tag","embeddable":true,"href":"https:\/\/www.halvet.com\/catalogo\/wp-json\/wp\/v2\/product_tag?post=1789"}],"curies":[{"name":"wp","href":"https:\/\/api.w.org\/{rel}","templated":true}]}}