{"id":1989,"date":"2020-05-11T13:39:45","date_gmt":"2020-05-11T18:39:45","guid":{"rendered":"http:\/\/www.halvet.com\/wp\/?post_type=product&#038;p=1989"},"modified":"2023-07-07T10:44:05","modified_gmt":"2023-07-07T16:44:05","slug":"enroque-aves","status":"publish","type":"product","link":"https:\/\/www.halvet.com\/catalogo\/https:\/www.halvet.com\/catalogo\/wp-content\/uploads\/2024\/03\/TC-001-LP-2024-DESCARGA.pdf\/enroque-aves\/","title":{"rendered":"Enroque Aves"},"content":{"rendered":"<p>ENROQUE AVES<br \/>\nRegistro No.: Q-6642-059<br \/>\nTABLETAS ANTIMICROBIANO<br \/>\nF\u00d3RMULA:<br \/>\nCada tableta contiene:<br \/>\nEnrofloxacina\u2026\u2026\u2026\u2026\u2026\u2026\u2026\u2026\u2026\u2026\u2026\u2026\u2026&#8230;&#8230;&#8230;&#8230; 50 mg<br \/>\nExcipiente c.b.p.\u2026..\u2026\u2026\u2026\u2026\u2026\u2026&#8230;\u2026\u2026\u2026\u2026\u2026\u20261 tableta<br \/>\nV\u00cdA DE ADMINISTRACI\u00d3N: ORAL.<br \/>\nPRESENTACI\u00d3N: 10 Y 50 TABLETAS.<\/p>\n","protected":false},"excerpt":{"rendered":"<p>ENROQUE AVES Registro No.: Q-6642-059 TABLETAS ANTIMICROBIANO F\u00d3RMULA: Cada tableta contiene: Enrofloxacina\u2026\u2026\u2026\u2026\u2026\u2026\u2026\u2026\u2026\u2026\u2026\u2026\u2026&#8230;&#8230;&#8230;&#8230; 50 mg Excipiente c.b.p.\u2026..\u2026\u2026\u2026\u2026\u2026\u2026&#8230;\u2026\u2026\u2026\u2026\u2026\u20261 tableta V\u00cdA DE ADMINISTRACI\u00d3N: ORAL. PRESENTACI\u00d3N: 10 Y 50 TABLETAS.<\/p>\n","protected":false},"featured_media":1992,"comment_status":"closed","ping_status":"closed","template":"","meta":[],"product_cat":[117,63],"product_tag":[122,123],"_links":{"self":[{"href":"https:\/\/www.halvet.com\/catalogo\/wp-json\/wp\/v2\/product\/1989"}],"collection":[{"href":"https:\/\/www.halvet.com\/catalogo\/wp-json\/wp\/v2\/product"}],"about":[{"href":"https:\/\/www.halvet.com\/catalogo\/wp-json\/wp\/v2\/types\/product"}],"replies":[{"embeddable":true,"href":"https:\/\/www.halvet.com\/catalogo\/wp-json\/wp\/v2\/comments?post=1989"}],"wp:featuredmedia":[{"embeddable":true,"href":"https:\/\/www.halvet.com\/catalogo\/wp-json\/wp\/v2\/media\/1992"}],"wp:attachment":[{"href":"https:\/\/www.halvet.com\/catalogo\/wp-json\/wp\/v2\/media?parent=1989"}],"wp:term":[{"taxonomy":"product_cat","embeddable":true,"href":"https:\/\/www.halvet.com\/catalogo\/wp-json\/wp\/v2\/product_cat?post=1989"},{"taxonomy":"product_tag","embeddable":true,"href":"https:\/\/www.halvet.com\/catalogo\/wp-json\/wp\/v2\/product_tag?post=1989"}],"curies":[{"name":"wp","href":"https:\/\/api.w.org\/{rel}","templated":true}]}}