{"id":2094,"date":"2020-05-15T12:14:56","date_gmt":"2020-05-15T17:14:56","guid":{"rendered":"http:\/\/www.halvet.com\/wp\/?post_type=product&#038;p=2094"},"modified":"2023-07-07T11:43:31","modified_gmt":"2023-07-07T17:43:31","slug":"bendaval-plus-suspension","status":"publish","type":"product","link":"https:\/\/www.halvet.com\/catalogo\/https:\/www.halvet.com\/catalogo\/wp-content\/uploads\/2024\/03\/TC-001-LP-2024-DESCARGA.pdf\/bendaval-plus-suspension\/","title":{"rendered":"Bendaval Plus Suspensi\u00f3n"},"content":{"rendered":"<p>BENDAVAL PLUS SUSPENSI\u00d3N<br \/>\nRegistro No.: Q-6642-093<br \/>\nANTIPARASITARIO<br \/>\nF\u00d3RMULA:<br \/>\nCada ml contiene:<br \/>\nAlbendazol \u2026\u2026\u2026\u2026\u2026\u2026\u2026\u2026\u2026\u2026\u2026\u2026\u2026\u2026..\u2026\u2026\u2026 50 mg<br \/>\nPrazicuantel \u2026\u2026\u2026\u2026\u2026\u2026\u2026\u2026\u2026\u2026\u2026\u2026\u2026\u2026\u2026\u2026&#8230;. 10 mg<br \/>\nVeh\u00edculo c.b.p. \u2026\u2026\u2026\u2026\u2026\u2026\u2026\u2026\u2026\u2026\u2026\u2026\u2026\u2026\u2026\u2026&#8230; 1 ml<br \/>\nV\u00cdA DE ADMINISTRACI\u00d3N: ORAL.<br \/>\nPRESENTACI\u00d3N: 10ML, 100ML, 250ML, 500ML.<\/p>\n","protected":false},"excerpt":{"rendered":"<p>BENDAVAL PLUS SUSPENSI\u00d3N Registro No.: Q-6642-093 ANTIPARASITARIO F\u00d3RMULA: Cada ml contiene: Albendazol \u2026\u2026\u2026\u2026\u2026\u2026\u2026\u2026\u2026\u2026\u2026\u2026\u2026\u2026..\u2026\u2026\u2026 50 mg Prazicuantel \u2026\u2026\u2026\u2026\u2026\u2026\u2026\u2026\u2026\u2026\u2026\u2026\u2026\u2026\u2026\u2026&#8230;. 10 mg Veh\u00edculo c.b.p. \u2026\u2026\u2026\u2026\u2026\u2026\u2026\u2026\u2026\u2026\u2026\u2026\u2026\u2026\u2026\u2026&#8230; 1 ml V\u00cdA DE ADMINISTRACI\u00d3N: ORAL. PRESENTACI\u00d3N: 10ML, 100ML, 250ML, 500ML.<\/p>\n","protected":false},"featured_media":2095,"comment_status":"closed","ping_status":"closed","template":"","meta":[],"product_cat":[65,62],"product_tag":[87,93],"_links":{"self":[{"href":"https:\/\/www.halvet.com\/catalogo\/wp-json\/wp\/v2\/product\/2094"}],"collection":[{"href":"https:\/\/www.halvet.com\/catalogo\/wp-json\/wp\/v2\/product"}],"about":[{"href":"https:\/\/www.halvet.com\/catalogo\/wp-json\/wp\/v2\/types\/product"}],"replies":[{"embeddable":true,"href":"https:\/\/www.halvet.com\/catalogo\/wp-json\/wp\/v2\/comments?post=2094"}],"wp:featuredmedia":[{"embeddable":true,"href":"https:\/\/www.halvet.com\/catalogo\/wp-json\/wp\/v2\/media\/2095"}],"wp:attachment":[{"href":"https:\/\/www.halvet.com\/catalogo\/wp-json\/wp\/v2\/media?parent=2094"}],"wp:term":[{"taxonomy":"product_cat","embeddable":true,"href":"https:\/\/www.halvet.com\/catalogo\/wp-json\/wp\/v2\/product_cat?post=2094"},{"taxonomy":"product_tag","embeddable":true,"href":"https:\/\/www.halvet.com\/catalogo\/wp-json\/wp\/v2\/product_tag?post=2094"}],"curies":[{"name":"wp","href":"https:\/\/api.w.org\/{rel}","templated":true}]}}