{"id":2096,"date":"2020-05-15T12:36:17","date_gmt":"2020-05-15T17:36:17","guid":{"rendered":"http:\/\/www.halvet.com\/wp\/?post_type=product&#038;p=2096"},"modified":"2023-07-07T09:32:55","modified_gmt":"2023-07-07T15:32:55","slug":"primapen-2","status":"publish","type":"product","link":"https:\/\/www.halvet.com\/catalogo\/https:\/www.halvet.com\/catalogo\/wp-content\/uploads\/2024\/03\/TC-001-LP-2024-DESCARGA.pdf\/primapen-2\/","title":{"rendered":"Primapen"},"content":{"rendered":"<p>PRIMAPEN<br \/>\nReg. No: Q-6642-008<br \/>\nPOLVO INYECTABLE ANTIMICROBIANO<br \/>\nF\u00d3RMULA:<br \/>\nCada ml contiene de:<br \/>\nPolvo<br \/>\nPenicilina G proca\u00ednica\u2026\u2026\u2026\u2026\u2026&#8230;&#8230;&#8230;.200 000 UI<br \/>\nEstreptomicina base (como sulfato de estreptomicina)\u2026\u2026\u2026\u2026.\u2026\u2026&#8230;200 mg<br \/>\nDiluente:<br \/>\nDipirona s\u00f3dica \u2026\u2026\u2026\u2026\u2026\u2026&#8230;200 mg<br \/>\n\u00c9ter glic\u00e9rico Guayacol\u2026\u2026\u2026&#8230;.35 mg<br \/>\nVeh\u00edculo c.b.p\u2026\u2026\u2026\u2026..\u2026&#8230;&#8230;&#8230;&#8230;1 ml<br \/>\nV\u00cdA DE ADMINISTRACI\u00d3N: INTRAMUSCULAR.<br \/>\nPRESENTACI\u00d3N: 20 ml<\/p>\n","protected":false},"excerpt":{"rendered":"<p>PRIMAPEN Reg. No: Q-6642-008 POLVO INYECTABLE ANTIMICROBIANO F\u00d3RMULA: Cada ml contiene de: Polvo Penicilina G proca\u00ednica\u2026\u2026\u2026\u2026\u2026&#8230;&#8230;&#8230;.200 000 UI Estreptomicina base (como sulfato de estreptomicina)\u2026\u2026\u2026\u2026.\u2026\u2026&#8230;200 mg Diluente: Dipirona s\u00f3dica \u2026\u2026\u2026\u2026\u2026\u2026&#8230;200 mg \u00c9ter glic\u00e9rico Guayacol\u2026\u2026\u2026&#8230;.35 mg Veh\u00edculo c.b.p\u2026\u2026\u2026\u2026..\u2026&#8230;&#8230;&#8230;&#8230;1 ml V\u00cdA DE ADMINISTRACI\u00d3N: INTRAMUSCULAR. PRESENTACI\u00d3N: 20 ml<\/p>\n","protected":false},"featured_media":2097,"comment_status":"closed","ping_status":"closed","template":"","meta":[],"product_cat":[64,117,62,63],"product_tag":[122,139,140],"_links":{"self":[{"href":"https:\/\/www.halvet.com\/catalogo\/wp-json\/wp\/v2\/product\/2096"}],"collection":[{"href":"https:\/\/www.halvet.com\/catalogo\/wp-json\/wp\/v2\/product"}],"about":[{"href":"https:\/\/www.halvet.com\/catalogo\/wp-json\/wp\/v2\/types\/product"}],"replies":[{"embeddable":true,"href":"https:\/\/www.halvet.com\/catalogo\/wp-json\/wp\/v2\/comments?post=2096"}],"wp:featuredmedia":[{"embeddable":true,"href":"https:\/\/www.halvet.com\/catalogo\/wp-json\/wp\/v2\/media\/2097"}],"wp:attachment":[{"href":"https:\/\/www.halvet.com\/catalogo\/wp-json\/wp\/v2\/media?parent=2096"}],"wp:term":[{"taxonomy":"product_cat","embeddable":true,"href":"https:\/\/www.halvet.com\/catalogo\/wp-json\/wp\/v2\/product_cat?post=2096"},{"taxonomy":"product_tag","embeddable":true,"href":"https:\/\/www.halvet.com\/catalogo\/wp-json\/wp\/v2\/product_tag?post=2096"}],"curies":[{"name":"wp","href":"https:\/\/api.w.org\/{rel}","templated":true}]}}