{"id":2114,"date":"2020-05-20T12:56:04","date_gmt":"2020-05-20T17:56:04","guid":{"rendered":"http:\/\/www.halvet.com\/wp\/?post_type=product&#038;p=2114"},"modified":"2023-07-07T11:04:48","modified_gmt":"2023-07-07T17:04:48","slug":"terzoo-equinos","status":"publish","type":"product","link":"https:\/\/www.halvet.com\/catalogo\/https:\/www.halvet.com\/catalogo\/wp-content\/uploads\/2024\/03\/TC-001-LP-2024-DESCARGA.pdf\/terzoo-equinos\/","title":{"rendered":"Terzoo Equinos"},"content":{"rendered":"<p>TERZOO EQUINO SHAMPOO<br \/>\nAutorizaci\u00f3n No. Q-6642-001<br \/>\nSHAMPOO CON EXTRACTO DE AVENA<br \/>\nF\u00d3RMULA:<br \/>\nExtracto de avena, agente tensoactivo, conservadores, colorantes y fragancia.<br \/>\nV\u00cdA DE ADMINISTRACI\u00d3N: T\u00d3PICA.<br \/>\nPRESENTACI\u00d3N: 1L Y 4LT.<\/p>\n","protected":false},"excerpt":{"rendered":"<p>TERZOO EQUINO SHAMPOO Autorizaci\u00f3n No. Q-6642-001 SHAMPOO CON EXTRACTO DE AVENA F\u00d3RMULA: Extracto de avena, agente tensoactivo, conservadores, colorantes y fragancia. V\u00cdA DE ADMINISTRACI\u00d3N: T\u00d3PICA. PRESENTACI\u00d3N: 1L Y 4LT.<\/p>\n","protected":false},"featured_media":2117,"comment_status":"closed","ping_status":"closed","template":"","meta":[],"product_cat":[147,72,62,63],"product_tag":[112,154,96],"_links":{"self":[{"href":"https:\/\/www.halvet.com\/catalogo\/wp-json\/wp\/v2\/product\/2114"}],"collection":[{"href":"https:\/\/www.halvet.com\/catalogo\/wp-json\/wp\/v2\/product"}],"about":[{"href":"https:\/\/www.halvet.com\/catalogo\/wp-json\/wp\/v2\/types\/product"}],"replies":[{"embeddable":true,"href":"https:\/\/www.halvet.com\/catalogo\/wp-json\/wp\/v2\/comments?post=2114"}],"wp:featuredmedia":[{"embeddable":true,"href":"https:\/\/www.halvet.com\/catalogo\/wp-json\/wp\/v2\/media\/2117"}],"wp:attachment":[{"href":"https:\/\/www.halvet.com\/catalogo\/wp-json\/wp\/v2\/media?parent=2114"}],"wp:term":[{"taxonomy":"product_cat","embeddable":true,"href":"https:\/\/www.halvet.com\/catalogo\/wp-json\/wp\/v2\/product_cat?post=2114"},{"taxonomy":"product_tag","embeddable":true,"href":"https:\/\/www.halvet.com\/catalogo\/wp-json\/wp\/v2\/product_tag?post=2114"}],"curies":[{"name":"wp","href":"https:\/\/api.w.org\/{rel}","templated":true}]}}