{"id":2336,"date":"2023-07-10T10:14:26","date_gmt":"2023-07-10T16:14:26","guid":{"rendered":"https:\/\/www.halvet.com\/catalogo\/?post_type=product&#038;p=2336"},"modified":"2023-07-10T10:19:06","modified_gmt":"2023-07-10T16:19:06","slug":"tomo-mascotas","status":"publish","type":"product","link":"https:\/\/www.halvet.com\/catalogo\/https:\/www.halvet.com\/catalogo\/wp-content\/uploads\/2024\/03\/TC-001-LP-2024-DESCARGA.pdf\/tomo-mascotas\/","title":{"rendered":"Tomo Mascotas"},"content":{"rendered":"<p>Tomo Mascotas<br \/>\nRegistro No.: Q-6642-104<br \/>\nSuspensi\u00f3n antimicrobiana indicada en el tratamiento de alteraciones digestivas (diarreas)<\/p>\n<p>F\u00d3RMULA: Cada mL contienen:<br \/>\nGentamicina base<br \/>\n(Como sulfato de gentamicna) &#8230;&#8230; 2.2 mg Acido nalid\u00edxico &#8230;&#8230; 1.0 g Trimetoprim &#8230;&#8230;.. 1.2 g Benzoil metronidazol &#8230;&#8230;&#8230;. 8.0 g Veh\u00edculo c.b.p. &#8230;&#8230;&#8230;. 1.0 mL<\/p>\n<p>V\u00eda administraci\u00f3n: Oral<br \/>\nPresentaci\u00f3n: 60 mL, 100 mL.<\/p>\n","protected":false},"excerpt":{"rendered":"<p>Tomo Mascotas Registro No.: Q-6642-104 Suspensi\u00f3n antimicrobiana indicada en el tratamiento de alteraciones digestivas (diarreas) F\u00d3RMULA: Cada mL contienen: Gentamicina base (Como sulfato de gentamicna) &#8230;&#8230; 2.2 mg Acido nalid\u00edxico &#8230;&#8230; 1.0 g Trimetoprim &#8230;&#8230;.. 1.2 g Benzoil metronidazol &#8230;&#8230;&#8230;. 8.0 g Veh\u00edculo c.b.p. &#8230;&#8230;&#8230;. 1.0 mL V\u00eda administraci\u00f3n: Oral Presentaci\u00f3n: 60 mL, 100 mL.<\/p>\n","protected":false},"featured_media":2337,"comment_status":"open","ping_status":"closed","template":"","meta":[],"product_cat":[64,62],"product_tag":[],"_links":{"self":[{"href":"https:\/\/www.halvet.com\/catalogo\/wp-json\/wp\/v2\/product\/2336"}],"collection":[{"href":"https:\/\/www.halvet.com\/catalogo\/wp-json\/wp\/v2\/product"}],"about":[{"href":"https:\/\/www.halvet.com\/catalogo\/wp-json\/wp\/v2\/types\/product"}],"replies":[{"embeddable":true,"href":"https:\/\/www.halvet.com\/catalogo\/wp-json\/wp\/v2\/comments?post=2336"}],"wp:featuredmedia":[{"embeddable":true,"href":"https:\/\/www.halvet.com\/catalogo\/wp-json\/wp\/v2\/media\/2337"}],"wp:attachment":[{"href":"https:\/\/www.halvet.com\/catalogo\/wp-json\/wp\/v2\/media?parent=2336"}],"wp:term":[{"taxonomy":"product_cat","embeddable":true,"href":"https:\/\/www.halvet.com\/catalogo\/wp-json\/wp\/v2\/product_cat?post=2336"},{"taxonomy":"product_tag","embeddable":true,"href":"https:\/\/www.halvet.com\/catalogo\/wp-json\/wp\/v2\/product_tag?post=2336"}],"curies":[{"name":"wp","href":"https:\/\/api.w.org\/{rel}","templated":true}]}}