{"id":2360,"date":"2023-07-10T11:12:34","date_gmt":"2023-07-10T17:12:34","guid":{"rendered":"https:\/\/www.halvet.com\/catalogo\/?post_type=product&#038;p=2360"},"modified":"2024-03-25T01:46:27","modified_gmt":"2024-03-25T07:46:27","slug":"mordix","status":"publish","type":"product","link":"https:\/\/www.halvet.com\/catalogo\/https:\/www.halvet.com\/catalogo\/wp-content\/uploads\/2024\/03\/TC-001-LP-2024-DESCARGA.pdf\/mordix\/","title":{"rendered":"Mordix"},"content":{"rendered":"<p>MORDIX<br \/>\nSoluci\u00f3n delimitante para mascotas<\/p>\n<p>INGREDIENTES INERTES:<br \/>\nAgua, repelentes sint\u00e9ticos, amargante, conservador.<\/p>\n<p>MORDIX no mancha ni deteriora las superficies tratadas, F\u00e1cil aplicaci\u00f3n.<\/p>\n<p>VIA DE ADMINISTRACION: T\u00f3pica<\/p>\n<p>PRESENTACI\u00d3N: Frasco atomizador de 250 mL.<\/p>\n","protected":false},"excerpt":{"rendered":"<p>MORDIX Soluci\u00f3n delimitante para mascotas INGREDIENTES INERTES: Agua, repelentes sint\u00e9ticos, amargante, conservador. MORDIX no mancha ni deteriora las superficies tratadas, F\u00e1cil aplicaci\u00f3n. VIA DE ADMINISTRACION: T\u00f3pica PRESENTACI\u00d3N: Frasco atomizador de 250 mL.<\/p>\n","protected":false},"featured_media":2362,"comment_status":"open","ping_status":"closed","template":"","meta":[],"product_cat":[62,161],"product_tag":[],"_links":{"self":[{"href":"https:\/\/www.halvet.com\/catalogo\/wp-json\/wp\/v2\/product\/2360"}],"collection":[{"href":"https:\/\/www.halvet.com\/catalogo\/wp-json\/wp\/v2\/product"}],"about":[{"href":"https:\/\/www.halvet.com\/catalogo\/wp-json\/wp\/v2\/types\/product"}],"replies":[{"embeddable":true,"href":"https:\/\/www.halvet.com\/catalogo\/wp-json\/wp\/v2\/comments?post=2360"}],"wp:featuredmedia":[{"embeddable":true,"href":"https:\/\/www.halvet.com\/catalogo\/wp-json\/wp\/v2\/media\/2362"}],"wp:attachment":[{"href":"https:\/\/www.halvet.com\/catalogo\/wp-json\/wp\/v2\/media?parent=2360"}],"wp:term":[{"taxonomy":"product_cat","embeddable":true,"href":"https:\/\/www.halvet.com\/catalogo\/wp-json\/wp\/v2\/product_cat?post=2360"},{"taxonomy":"product_tag","embeddable":true,"href":"https:\/\/www.halvet.com\/catalogo\/wp-json\/wp\/v2\/product_tag?post=2360"}],"curies":[{"name":"wp","href":"https:\/\/api.w.org\/{rel}","templated":true}]}}